{"id":14,"date":"2020-04-28T11:30:23","date_gmt":"2020-04-28T11:30:23","guid":{"rendered":"https:\/\/cinegetica.pt\/teste\/?page_id=14"},"modified":"2023-07-17T15:45:19","modified_gmt":"2023-07-17T15:45:19","slug":"quemsomos","status":"publish","type":"page","link":"https:\/\/www.quedadagua.pt\/odivelas\/quemsomos\/","title":{"rendered":"Quem Somos"},"content":{"rendered":"\n\n\n<img decoding=\"async\" src=\"https:\/\/www.quedadagua.pt\/odivelas\/wp-content\/uploads\/2020\/05\/Photo3.jpg\">\n<div><\/div>\n<div>Restaurante marisqueira, situado em Odivelas (colinas do cruzeiro), a\nescassos kms do centro de Lisboa, tem como trave-mestra do seu\nprest\u00edgio, os mariscos vivos em todo o seu esplendor.<br><br><\/div>\n<div><\/div>\n<div><\/div>\n<div><\/div>\n<div>\nQueda d\u2019agua, \u00e9 uma proposta diferenciada no \u201cmar\u201d de restaurantes\ndignos desse nome, em Odivelas.\n<br><br><\/div>\n<div><\/div>\n<div><\/div>\n<div>\nTrata-se de uma marisqueira que n\u00e3o tem\nmedo do nome e deixa os mariscos para o indicativo, apresentando-se com\numa cara moderna, quer na decora\u00e7\u00e3o, quer no servi\u00e7o, com um atendimento\npersonalizado, de excel\u00eancia, que o vai seguramente cativar.\n<br><br><\/div>\n<div><\/div>\n<div><\/div>\n<div><\/div>\n<div>\nO Queda d\u2019agua disp\u00f5e de condi\u00e7\u00f5es privilegiadas para receber os seus\nclientes, com todo o conforto, num espa\u00e7o luminoso e funcional com\ncapacidade para 150 pessoas, com amplo estacionamento nas proximidades.\n<br><br><\/div>\n<div><\/div>\n<div><\/div>\n<div><\/div>\n<div>A sua desloca\u00e7\u00e3o\/acesso, a n\u00f3s, n\u00e3o implica qualquer esp\u00e9cie de\ninc\u00f3modo, e \u00e9 j\u00e1 ela uma ante-c\u00e2mara do festim do paladar, que\nnecessariamente se seguir\u00e1. Temos tamb\u00e9m dispon\u00edveis para si, Servi\u00e7os\nde Take-Way.<br><br><\/div>\n<div><\/div>\n<div><\/div>\n<div><\/div>\n<div>Em atmosfera tranquila, com ares de maresia, \u00e9 poss\u00edvel uma boa\ndegusta\u00e7\u00e3o baseada num conceito que anda \u00e0 volta da Tradi\u00e7\u00e3o das Antigas\nCervejarias.Os mariscos fresqu\u00edssimos fazem a honra desta casa.<br><br><\/div>\n<div><\/div>\n<div><\/div>\n<div><\/div>\n<div>\nComece com umas\nam\u00eaijoas \u00e0 \u201cBolh\u00e3o Pato\u201d, bem apaladadas num molho de ensopar e chorar\npor mais; ou ent\u00e3o optar por uma Gambas \u201cal ajilho\u201d, ou saborear o\nverdadeiro \u201cPata Negra\u201d.\n<br><br><\/div>\n<div><\/div>\n<div><\/div>\n<div><\/div>\n<div>Do cartel marisqueiro, ressaltam ainda os fresqu\u00edssimos Lagostins,\nLagostas, Lavagantes, Cavacos dos A\u00e7ores, Bruxas, Percebes das\nBerlengas, Santolas, Sapateiras, Camar\u00e3o de Espinho, Gamba branca do\nAlgarve, Canilha. Tudo confeccionado ao momento, pois com 3 viveiros, a\nfrescura \u00e9 o nosso lema.<\/div>\n<div><\/div>\n<div><\/div>\n<div>Do mar prov\u00eam tamb\u00e9m os melhores peixes, sempre frescos, da nossa costa.<br><br><\/div>\n<div><\/div>\n<div><\/div>\n<div><\/div>\n<div>Reconforte os olhos e a alma com as maravilhas do mar, mas se estiver\nmais virado para os sabores da terra, ent\u00e3o sugerimos os suculentos\nBifes \u00e0 Queda d\u2019agua.<br><br><\/div>\n<div><\/div>\n<div><\/div>\n<div>Os doces s\u00e3o verdadeiramente caseiros, at\u00e9 a mousse reagir\u00e1 mal a quem\ndesconfiar de tal identidade.<br><br><\/div>\n<div><\/div>\n<div><\/div>\n<div>Da nossa do\u00e7aria propomos o Pudim \u00e0 Queda d\u2019agua.<br><br><\/div>\n<div><\/div>\n<div><\/div>\n<div><\/div>\n<div>\nA carta de vinhos prima pelas melhores escolhas de cada regi\u00e3o; mas a\nmarisqueira vive do l\u00edquido amarelo, e aqui ele \u00e9 Rei.\n<\/div>\n\n\n","protected":false},"excerpt":{"rendered":"<p>Restaurante marisqueira, situado em Odivelas (colinas do cruzeiro), a escassos kms do centro de Lisboa, tem como trave-mestra do seu prest\u00edgio, os mariscos vivos em todo o seu esplendor. Queda d\u2019agua, \u00e9 uma proposta diferenciada no \u201cmar\u201d de restaurantes dignos desse nome, em Odivelas. Trata-se de uma marisqueira que n\u00e3o tem medo do nome e [&hellip;]<\/p>\n","protected":false},"author":1,"featured_media":0,"parent":0,"menu_order":0,"comment_status":"closed","ping_status":"closed","template":"","meta":{"pagelayer_contact_templates":[],"_pagelayer_content":"","footnotes":""},"class_list":["post-14","page","type-page","status-publish","hentry","entry"],"_links":{"self":[{"href":"https:\/\/www.quedadagua.pt\/odivelas\/wp-json\/wp\/v2\/pages\/14","targetHints":{"allow":["GET"]}}],"collection":[{"href":"https:\/\/www.quedadagua.pt\/odivelas\/wp-json\/wp\/v2\/pages"}],"about":[{"href":"https:\/\/www.quedadagua.pt\/odivelas\/wp-json\/wp\/v2\/types\/page"}],"author":[{"embeddable":true,"href":"https:\/\/www.quedadagua.pt\/odivelas\/wp-json\/wp\/v2\/users\/1"}],"replies":[{"embeddable":true,"href":"https:\/\/www.quedadagua.pt\/odivelas\/wp-json\/wp\/v2\/comments?post=14"}],"version-history":[{"count":25,"href":"https:\/\/www.quedadagua.pt\/odivelas\/wp-json\/wp\/v2\/pages\/14\/revisions"}],"predecessor-version":[{"id":957,"href":"https:\/\/www.quedadagua.pt\/odivelas\/wp-json\/wp\/v2\/pages\/14\/revisions\/957"}],"wp:attachment":[{"href":"https:\/\/www.quedadagua.pt\/odivelas\/wp-json\/wp\/v2\/media?parent=14"}],"curies":[{"name":"wp","href":"https:\/\/api.w.org\/{rel}","templated":true}]}}