{"id":326,"date":"2020-04-30T15:42:02","date_gmt":"2020-04-30T15:42:02","guid":{"rendered":"https:\/\/cinegetica.pt\/teste\/mas-informacion-sobre-las-cookies\/"},"modified":"2023-04-10T09:02:18","modified_gmt":"2023-04-10T09:02:18","slug":"cookies","status":"publish","type":"page","link":"https:\/\/www.quedadagua.pt\/odivelas\/cookies\/","title":{"rendered":"Mais informa\u00e7\u00e3o sobre  cookies"},"content":{"rendered":"<p>[pl_row pagelayer-id=&#8221;yiunanu3hk66d4qs&#8221; ]<br \/>\n[pl_col pagelayer-id=&#8221;0nu9i2pfn2cz5e9j&#8221;  col=&#8221;12&#8243; animation=&#8221;zoomInDown&#8221; overlay_hover_delay=&#8221;400&#8243; animation_delay=&#8221;600&#8243;]<br \/>\n[pl_text pagelayer-id=&#8221;6o1oyf3cj9knxf0u&#8221; ]<\/p>\n<div><strong>O que \u00e9 um cookie?<\/strong><\/p>\n<p>Um cookie \u00e9 um arquivo de texto inofensivo que \u00e9 armazenado no seu navegador quando voc\u00ea visita quase qualquer p\u00e1gina da web. A utilidade do cookie \u00e9 que a web \u00e9 capaz de lembrar sua visita quando voc\u00ea retorna para navegar nessa p\u00e1gina. Embora muitas pessoas n\u00e3o o conhe\u00e7am, os cookies s\u00e3o usados \u200b\u200bh\u00e1 20 anos, quando os primeiros navegadores da Internet apareceram.<\/p>\n<p><strong><br \/>\n<\/strong><\/p>\n<\/div>\n<div><strong><br \/>\n<\/strong><\/div>\n<div><strong>O que n\u00e3o \u00e9 um cookie?<\/strong><\/p>\n<p>N\u00e3o \u00e9 um v\u00edrus, nem um cavalo de Tr\u00f3ia, nem um worm, nem spam, nem spyware, nem abre janelas pop-up.<\/p>\n<\/div>\n<div><\/div>\n<div>\n<strong>Quais informa\u00e7\u00f5es um cookie armazena?<\/strong><\/p>\n<p>Os cookies geralmente n\u00e3o armazenam informa\u00e7\u00f5es confidenciais sobre voc\u00ea, como cart\u00f5es de cr\u00e9dito ou dados banc\u00e1rios, fotografias, seu DNI ou informa\u00e7\u00f5es pessoais, etc. Os dados que eles mant\u00eam s\u00e3o de natureza t\u00e9cnica, prefer\u00eancias pessoais, personaliza\u00e7\u00e3o de conte\u00fado etc.<\/p>\n<p>O servidor da web n\u00e3o o associa como pessoa, mas ao seu navegador. De fato, se voc\u00ea navegar regularmente com o Internet Explorer e tentar navegar no mesmo site com Firefox ou Chrome, ver\u00e1 que o site n\u00e3o percebe que voc\u00ea \u00e9 a mesma pessoa porque na verdade est\u00e1 associando o navegador, n\u00e3o a pessoa.<\/p>\n<p><strong><br \/>\n<\/strong><\/p>\n<\/div>\n<div><strong><br \/>\n<\/strong><\/div>\n<div><strong>Que tipo de cookies existem?<\/strong><\/p>\n<p>Cookies t\u00e9cnicos: s\u00e3o os mais b\u00e1sicos e permitem, entre outras coisas, saber quando um aplicativo humano ou automatizado est\u00e1 navegando, quando um usu\u00e1rio an\u00f4nimo e registrado est\u00e1 navegando, tarefas b\u00e1sicas para a opera\u00e7\u00e3o de qualquer site din\u00e2mico.<br \/>\nCookies de an\u00e1lise: eles coletam informa\u00e7\u00f5es sobre o tipo de navega\u00e7\u00e3o que voc\u00ea est\u00e1 fazendo, as se\u00e7\u00f5es que voc\u00ea mais usa, produtos consultados, hor\u00e1rio de uso, idioma etc.<br \/>\nCookies de publicidade: exibem publicidade com base em sua navega\u00e7\u00e3o, seu pa\u00eds de origem, idioma etc.<br \/>\nO que s\u00e3o cookies pr\u00f3prios e de terceiros?<\/p>\n<p>Os cookies pr\u00f3prios s\u00e3o aqueles gerados pela p\u00e1gina que voc\u00ea est\u00e1 visitando e os de terceiros s\u00e3o os gerados por servi\u00e7os ou provedores externos, como Facebook, Twitter, Google, etc.<\/p>\n<\/div>\n<div><\/div>\n<div>\n<strong>O que acontece se eu desativar os cookies?<\/strong><\/p>\n<p>Para entender o escopo da desativa\u00e7\u00e3o de cookies, mostramos alguns exemplos:<\/p>\n<p>Voc\u00ea n\u00e3o poder\u00e1 compartilhar conte\u00fado desse site no Facebook, Twitter ou qualquer outra rede social.<br \/>\nO site n\u00e3o poder\u00e1 adaptar o conte\u00fado \u00e0s suas prefer\u00eancias pessoais, como geralmente ocorre nas lojas online.<br \/>\nVoc\u00ea n\u00e3o poder\u00e1 acessar a \u00e1rea pessoal desse site, como Minha conta, Meu perfil ou Meus pedidos.<br \/>\nLojas on-line: ser\u00e1 imposs\u00edvel fazer compras on-line; elas dever\u00e3o ser feitas por telefone ou visitando a loja f\u00edsica, se voc\u00ea tiver uma.<br \/>\nN\u00e3o ser\u00e1 poss\u00edvel personalizar suas prefer\u00eancias geogr\u00e1ficas, como fuso hor\u00e1rio, moeda ou idioma.<br \/>\nO site n\u00e3o poder\u00e1 executar an\u00e1lises da Web nos visitantes e no tr\u00e1fego da Web, o que dificultar\u00e1 a competitividade da Web.<br \/>\nVoc\u00ea n\u00e3o poder\u00e1 escrever no blog, n\u00e3o poder\u00e1 fazer upload de fotos, postar coment\u00e1rios, avaliar ou classificar conte\u00fado. A web tamb\u00e9m n\u00e3o poder\u00e1 saber se voc\u00ea \u00e9 um aplicativo humano ou automatizado que publica spam.<br \/>\nN\u00e3o ser\u00e1 poss\u00edvel exibir publicidade setorizada, o que reduzir\u00e1 a receita de publicidade da web.<br \/>\nTodas as redes sociais usam cookies; se voc\u00ea desabilit\u00e1-las, n\u00e3o poder\u00e1 usar nenhuma rede social.<\/p>\n<\/div>\n<div><\/div>\n<div>\n<strong>Os cookies podem ser removidos?<\/strong><\/p>\n<p>Sim. N\u00e3o apenas exclua, mas tamb\u00e9m bloqueie, de uma maneira geral ou particular, para um dom\u00ednio espec\u00edfico.<\/p>\n<p>Para excluir cookies de um site, voc\u00ea deve acessar as configura\u00e7\u00f5es do navegador e procurar por aqueles associados ao dom\u00ednio em quest\u00e3o e exclu\u00ed-los.<\/p>\n<p>&nbsp;<\/p>\n<\/div>\n<p>[\/pl_text]<br \/>\n[\/pl_col]<br \/>\n[\/pl_row]<\/p>\n","protected":false},"excerpt":{"rendered":"<p>[pl_row pagelayer-id=&#8221;yiunanu3hk66d4qs&#8221; ] [pl_col pagelayer-id=&#8221;0nu9i2pfn2cz5e9j&#8221; col=&#8221;12&#8243; animation=&#8221;zoomInDown&#8221; overlay_hover_delay=&#8221;400&#8243; animation_delay=&#8221;600&#8243;] [pl_text pagelayer-id=&#8221;6o1oyf3cj9knxf0u&#8221; ] O que \u00e9 um cookie? Um cookie \u00e9 um arquivo de texto inofensivo que \u00e9 armazenado no seu navegador quando voc\u00ea visita quase qualquer p\u00e1gina da web. A utilidade do cookie \u00e9 que a web \u00e9 capaz de lembrar sua visita quando voc\u00ea [&hellip;]<\/p>\n","protected":false},"author":1,"featured_media":0,"parent":0,"menu_order":0,"comment_status":"closed","ping_status":"closed","template":"","meta":{"pagelayer_contact_templates":[],"_pagelayer_content":"","footnotes":""},"class_list":["post-326","page","type-page","status-publish","hentry","entry"],"_links":{"self":[{"href":"https:\/\/www.quedadagua.pt\/odivelas\/wp-json\/wp\/v2\/pages\/326","targetHints":{"allow":["GET"]}}],"collection":[{"href":"https:\/\/www.quedadagua.pt\/odivelas\/wp-json\/wp\/v2\/pages"}],"about":[{"href":"https:\/\/www.quedadagua.pt\/odivelas\/wp-json\/wp\/v2\/types\/page"}],"author":[{"embeddable":true,"href":"https:\/\/www.quedadagua.pt\/odivelas\/wp-json\/wp\/v2\/users\/1"}],"replies":[{"embeddable":true,"href":"https:\/\/www.quedadagua.pt\/odivelas\/wp-json\/wp\/v2\/comments?post=326"}],"version-history":[{"count":6,"href":"https:\/\/www.quedadagua.pt\/odivelas\/wp-json\/wp\/v2\/pages\/326\/revisions"}],"predecessor-version":[{"id":866,"href":"https:\/\/www.quedadagua.pt\/odivelas\/wp-json\/wp\/v2\/pages\/326\/revisions\/866"}],"wp:attachment":[{"href":"https:\/\/www.quedadagua.pt\/odivelas\/wp-json\/wp\/v2\/media?parent=326"}],"curies":[{"name":"wp","href":"https:\/\/api.w.org\/{rel}","templated":true}]}}