{"id":327,"date":"2020-04-30T15:42:02","date_gmt":"2020-04-30T15:42:02","guid":{"rendered":"https:\/\/cinegetica.pt\/teste\/politica-de-cookies\/"},"modified":"2023-06-20T14:09:16","modified_gmt":"2023-06-20T14:09:16","slug":"politica-de-cookies","status":"publish","type":"page","link":"https:\/\/www.quedadagua.pt\/odivelas\/politica-de-cookies\/","title":{"rendered":"Pol\u00edtica de cookies"},"content":{"rendered":"<p><strong>Pol\u00edtica de cookies<\/strong><\/p>\n<p>Um cookie \u00e9 um pequeno arquivo de texto que \u00e9 armazenado no seu navegador quando voc\u00ea visita quase qualquer p\u00e1gina da web. Sua utilidade \u00e9 que a web consegue lembrar sua visita quando voc\u00ea navega nessa p\u00e1gina novamente. Os cookies geralmente armazenam informa\u00e7\u00f5es t\u00e9cnicas, prefer\u00eancias pessoais, personaliza\u00e7\u00e3o de conte\u00fado, estat\u00edsticas de uso, links para redes sociais, acesso a contas de usu\u00e1rio, etc. O objetivo do cookie \u00e9 adaptar o conte\u00fado da web ao seu perfil e necessidades, sem cookies os servi\u00e7os oferecidos por qualquer p\u00e1gina seriam significativamente reduzidos. Se voc\u00ea quiser obter mais informa\u00e7\u00f5es sobre o que s\u00e3o cookies, o que eles armazenam, como elimin\u00e1-los, desativ\u00e1-los etc., acesse este link.<\/p>\n<p><strong>Cookies utilizados neste site<\/strong><\/p>\n<p>Seguindo as diretrizes da Ag\u00eancia Espanhola de Prote\u00e7\u00e3o de Dados, continuamos detalhando o uso de cookies feitos por este site, a fim de inform\u00e1-lo com a maior precis\u00e3o poss\u00edvel.<\/p>\n<p><strong>Este site utiliza os seguintes cookies pr\u00f3prios:<\/strong><\/p>\n<p>Cookies de sess\u00e3o, para garantir que os usu\u00e1rios que escrevem coment\u00e1rios no blog sejam aplicativos humanos e n\u00e3o automatizados. Dessa forma, o spam \u00e9 combatido.<\/p>\n<p><strong>Este site usa os seguintes cookies de terceiros:<\/strong><\/p>\n<p>Google Analytics: armazena cookies para poder compilar estat\u00edsticas sobre o tr\u00e1fego e o volume de visitas a este site. Ao usar este site, voc\u00ea concorda com o processamento de informa\u00e7\u00f5es sobre voc\u00ea pelo Google. Portanto, o exerc\u00edcio de qualquer direito a esse respeito deve ser feito atrav\u00e9s da comunica\u00e7\u00e3o direta com o Google.<br \/>\nRedes sociais: cada rede social usa seus pr\u00f3prios cookies para que voc\u00ea possa clicar em bot\u00f5es como Curtir ou Compartilhar.<br \/>\nDesativa\u00e7\u00e3o ou elimina\u00e7\u00e3o de cookies<\/p>\n<p>A qualquer momento, voc\u00ea pode exercer o seu direito de desativar ou excluir cookies deste site. Essas a\u00e7\u00f5es s\u00e3o executadas de maneira diferente, dependendo do navegador que voc\u00ea est\u00e1 usando. Aqui deixamos um guia r\u00e1pido para os navegadores mais populares.<\/p>\n<p><strong>Notas adicionais<\/strong><\/p>\n<p>Nem este site nem seus representantes legais s\u00e3o respons\u00e1veis \u200b\u200bpelo conte\u00fado ou pela veracidade das pol\u00edticas de privacidade que terceiros mencionados nesta pol\u00edtica de cookies possam ter.<\/p>\n<p>Os navegadores da Web s\u00e3o as ferramentas encarregadas de armazenar cookies e, deste local, voc\u00ea deve exercer seu direito de elimin\u00e1-los ou desativ\u00e1-los. Nem este site nem seus representantes legais podem garantir a manipula\u00e7\u00e3o correta ou incorreta de cookies pelos navegadores mencionados acima.<\/p>\n<p>Em alguns casos, \u00e9 necess\u00e1rio instalar os cookies para que o navegador n\u00e3o esque\u00e7a sua decis\u00e3o de n\u00e3o aceit\u00e1-los.<\/p>\n<p>No caso de cookies do Google Analytics, esta empresa armazena cookies em servidores localizados nos Estados Unidos e concorda em n\u00e3o compartilh\u00e1-los com terceiros, exceto nos casos em que for necess\u00e1rio para a opera\u00e7\u00e3o do sistema ou quando a lei exigir tal efeito. Segundo o Google, ele n\u00e3o salva seu endere\u00e7o IP. O Google Inc. \u00e9 uma empresa que adere ao Contrato de Porto Seguro que garante que todos os dados transferidos ser\u00e3o tratados com um n\u00edvel de prote\u00e7\u00e3o de acordo com os regulamentos europeus.<\/p>\n<p>Para qualquer d\u00favida ou d\u00favida sobre esta pol\u00edtica de cookies, n\u00e3o hesite em nos contatar atrav\u00e9s da se\u00e7\u00e3o de contato.<\/p>\n<p>&nbsp;<\/p>\n","protected":false},"excerpt":{"rendered":"<p>Pol\u00edtica de cookies Um cookie \u00e9 um pequeno arquivo de texto que \u00e9 armazenado no seu navegador quando voc\u00ea visita quase qualquer p\u00e1gina da web. Sua utilidade \u00e9 que a web consegue lembrar sua visita quando voc\u00ea navega nessa p\u00e1gina novamente. Os cookies geralmente armazenam informa\u00e7\u00f5es t\u00e9cnicas, prefer\u00eancias pessoais, personaliza\u00e7\u00e3o de conte\u00fado, estat\u00edsticas de uso, [&hellip;]<\/p>\n","protected":false},"author":1,"featured_media":0,"parent":0,"menu_order":0,"comment_status":"closed","ping_status":"closed","template":"","meta":{"pagelayer_contact_templates":[],"_pagelayer_content":"","footnotes":""},"class_list":["post-327","page","type-page","status-publish","hentry","entry"],"_links":{"self":[{"href":"https:\/\/www.quedadagua.pt\/odivelas\/wp-json\/wp\/v2\/pages\/327","targetHints":{"allow":["GET"]}}],"collection":[{"href":"https:\/\/www.quedadagua.pt\/odivelas\/wp-json\/wp\/v2\/pages"}],"about":[{"href":"https:\/\/www.quedadagua.pt\/odivelas\/wp-json\/wp\/v2\/types\/page"}],"author":[{"embeddable":true,"href":"https:\/\/www.quedadagua.pt\/odivelas\/wp-json\/wp\/v2\/users\/1"}],"replies":[{"embeddable":true,"href":"https:\/\/www.quedadagua.pt\/odivelas\/wp-json\/wp\/v2\/comments?post=327"}],"version-history":[{"count":1,"href":"https:\/\/www.quedadagua.pt\/odivelas\/wp-json\/wp\/v2\/pages\/327\/revisions"}],"predecessor-version":[{"id":332,"href":"https:\/\/www.quedadagua.pt\/odivelas\/wp-json\/wp\/v2\/pages\/327\/revisions\/332"}],"wp:attachment":[{"href":"https:\/\/www.quedadagua.pt\/odivelas\/wp-json\/wp\/v2\/media?parent=327"}],"curies":[{"name":"wp","href":"https:\/\/api.w.org\/{rel}","templated":true}]}}